{"id":2398,"date":"2025-12-24T11:30:56","date_gmt":"2025-12-24T10:30:56","guid":{"rendered":"https:\/\/www.6t-mic.com\/?page_id=2398"},"modified":"2025-12-24T16:33:09","modified_gmt":"2025-12-24T15:33:09","slug":"elementor-page-2398","status":"publish","type":"page","link":"https:\/\/www.6t-mic.com\/fr\/elementor-page-2398\/","title":{"rendered":"Mentions l\u00e9gales"},"content":{"rendered":"<div data-elementor-type=\"wp-page\" data-elementor-id=\"2398\" class=\"elementor elementor-2398\" data-elementor-post-type=\"page\">\n\t\t\t\t<div class=\"elementor-element elementor-element-6d4cbc95 e-flex e-con-boxed e-con e-parent\" data-id=\"6d4cbc95\" data-element_type=\"container\">\n\t\t\t\t\t<div class=\"e-con-inner\">\n\t\t\t\t<div class=\"elementor-element elementor-element-1a631296 elementor-widget elementor-widget-heading\" data-id=\"1a631296\" data-element_type=\"widget\" data-widget_type=\"heading.default\">\n\t\t\t\t\t<h2 class=\"elementor-heading-title elementor-size-default\">Mentions l\u00e9gales<\/h2>\t\t\t\t<\/div>\n\t\t\t\t\t<\/div>\n\t\t\t\t<\/div>\n\t\t<div class=\"elementor-element elementor-element-47dd4984 e-flex e-con-boxed e-con e-parent\" data-id=\"47dd4984\" data-element_type=\"container\">\n\t\t\t\t\t<div class=\"e-con-inner\">\n\t\t\t\t<div class=\"elementor-element elementor-element-223d221 elementor-widget-divider--view-line elementor-widget elementor-widget-divider\" data-id=\"223d221\" data-element_type=\"widget\" data-widget_type=\"divider.default\">\n\t\t\t\t\t\t\t<div class=\"elementor-divider\">\n\t\t\t<span class=\"elementor-divider-separator\">\n\t\t\t\t\t\t<\/span>\n\t\t<\/div>\n\t\t\t\t\t\t<\/div>\n\t\t\t\t\t<\/div>\n\t\t\t\t<\/div>\n\t\t<div class=\"elementor-element elementor-element-38548e9c e-flex e-con-boxed e-con e-parent\" data-id=\"38548e9c\" data-element_type=\"container\">\n\t\t\t\t\t<div class=\"e-con-inner\">\n\t\t\t\t<div class=\"elementor-element elementor-element-1c8d6f17 elementor-widget elementor-widget-heading\" data-id=\"1c8d6f17\" data-element_type=\"widget\" data-widget_type=\"heading.default\">\n\t\t\t\t\t<h2 class=\"elementor-heading-title elementor-size-default\"><b>\u00c9diteur du site<\/b><\/h2>\t\t\t\t<\/div>\n\t\t\t\t\t<\/div>\n\t\t\t\t<\/div>\n\t\t<div class=\"elementor-element elementor-element-c40c8c6 e-flex e-con-boxed e-con e-parent\" data-id=\"c40c8c6\" data-element_type=\"container\">\n\t\t\t\t\t<div class=\"e-con-inner\">\n\t\t\t\t<div class=\"elementor-element elementor-element-105ec2c elementor-widget elementor-widget-text-editor\" data-id=\"105ec2c\" data-element_type=\"widget\" data-widget_type=\"text-editor.default\">\n\t\t\t\t\t\t\t\t\t<p><strong data-start=\"187\" data-end=\"209\">6T-MIC INGENIERIES<\/strong><\/p><p>Forme juridique: SAS (Soci\u00e9t\u00e9 par Actions Simplifi\u00e9e)<\/p><p>Capital social: 64 635,00 \u20ac<\/p><p>Si\u00e8ge social: 14 rue du D\u00e9veloppement \u2013 31 320 CASTANET-TOLOSAN<\/p><p>T\u00e9l\u00e9phone: 05 34 43 63 39<\/p><p>Email: contact@6t-mic. com<\/p><p>SIREN: 478 766 256<\/p><p>RCS: \u00a0TOULOUSE<\/p><p>Num\u00e9ro de TVA intracommunautaire: FR89 478 766 256<\/p>\t\t\t\t\t\t\t\t<\/div>\n\t\t\t\t\t<\/div>\n\t\t\t\t<\/div>\n\t\t<div class=\"elementor-element elementor-element-74661bd e-flex e-con-boxed e-con e-parent\" data-id=\"74661bd\" data-element_type=\"container\">\n\t\t\t\t\t<div class=\"e-con-inner\">\n\t\t\t\t<div class=\"elementor-element elementor-element-46a1a1a elementor-widget-divider--view-line elementor-widget elementor-widget-divider\" data-id=\"46a1a1a\" data-element_type=\"widget\" data-widget_type=\"divider.default\">\n\t\t\t\t\t\t\t<div class=\"elementor-divider\">\n\t\t\t<span class=\"elementor-divider-separator\">\n\t\t\t\t\t\t<\/span>\n\t\t<\/div>\n\t\t\t\t\t\t<\/div>\n\t\t\t\t\t<\/div>\n\t\t\t\t<\/div>\n\t\t<div class=\"elementor-element elementor-element-5798021 e-flex e-con-boxed e-con e-parent\" data-id=\"5798021\" data-element_type=\"container\">\n\t\t\t\t\t<div class=\"e-con-inner\">\n\t\t\t\t<div class=\"elementor-element elementor-element-f2d9bf8 elementor-widget elementor-widget-heading\" data-id=\"f2d9bf8\" data-element_type=\"widget\" data-widget_type=\"heading.default\">\n\t\t\t\t\t<h2 class=\"elementor-heading-title elementor-size-default\"><b>Directeur de la publication<\/b><\/h2>\t\t\t\t<\/div>\n\t\t\t\t\t<\/div>\n\t\t\t\t<\/div>\n\t\t<div class=\"elementor-element elementor-element-050b4b6 e-flex e-con-boxed e-con e-parent\" data-id=\"050b4b6\" data-element_type=\"container\">\n\t\t\t\t\t<div class=\"e-con-inner\">\n\t\t\t\t<div class=\"elementor-element elementor-element-ae5799a elementor-widget elementor-widget-text-editor\" data-id=\"ae5799a\" data-element_type=\"widget\" data-widget_type=\"text-editor.default\">\n\t\t\t\t\t\t\t\t\t<p><strong data-start=\"187\" data-end=\"209\">Serge DA SILVA<\/strong><\/p>\t\t\t\t\t\t\t\t<\/div>\n\t\t\t\t\t<\/div>\n\t\t\t\t<\/div>\n\t\t<div class=\"elementor-element elementor-element-0eca8f7 e-flex e-con-boxed e-con e-parent\" data-id=\"0eca8f7\" data-element_type=\"container\">\n\t\t\t\t\t<div class=\"e-con-inner\">\n\t\t\t\t<div class=\"elementor-element elementor-element-b0b512b elementor-widget-divider--view-line elementor-widget elementor-widget-divider\" data-id=\"b0b512b\" data-element_type=\"widget\" data-widget_type=\"divider.default\">\n\t\t\t\t\t\t\t<div class=\"elementor-divider\">\n\t\t\t<span class=\"elementor-divider-separator\">\n\t\t\t\t\t\t<\/span>\n\t\t<\/div>\n\t\t\t\t\t\t<\/div>\n\t\t\t\t\t<\/div>\n\t\t\t\t<\/div>\n\t\t<div class=\"elementor-element elementor-element-808070c e-flex e-con-boxed e-con e-parent\" data-id=\"808070c\" data-element_type=\"container\">\n\t\t\t\t\t<div class=\"e-con-inner\">\n\t\t\t\t<div class=\"elementor-element elementor-element-77ab863 elementor-widget elementor-widget-heading\" data-id=\"77ab863\" data-element_type=\"widget\" data-widget_type=\"heading.default\">\n\t\t\t\t\t<h2 class=\"elementor-heading-title elementor-size-default\"><b>H\u00e9bergement<\/b><\/h2>\t\t\t\t<\/div>\n\t\t\t\t\t<\/div>\n\t\t\t\t<\/div>\n\t\t<div class=\"elementor-element elementor-element-63cbcc7 e-flex e-con-boxed e-con e-parent\" data-id=\"63cbcc7\" data-element_type=\"container\">\n\t\t\t\t\t<div class=\"e-con-inner\">\n\t\t\t\t<div class=\"elementor-element elementor-element-35a7bfd7 elementor-widget elementor-widget-text-editor\" data-id=\"35a7bfd7\" data-element_type=\"widget\" data-widget_type=\"text-editor.default\">\n\t\t\t\t\t\t\t\t\t<p>H\u00e9bergement: OVH<\/p><p>Raison sociale : OVH SAS<\/p><p>Capital social : 10 174 560 \u20ac<\/p><p>Si\u00e8ge social : 2 rue Kellermann, 59100 Roubaix, France<\/p><p>T\u00e9l\u00e9phone : 1007<\/p><p>Site web : www.ovh.com\u00a0<a style=\"font-family: var( --e-global-typography-text-font-family ); font-size: var( --e-global-typography-text-font-size ); letter-spacing: var( --e-global-typography-text-letter-spacing ); word-spacing: var( --e-global-typography-text-word-spacing ); text-align: var(--text-align);\" href=\"http:\/\/www.ovh.com\" target=\"_blank\" rel=\"noopener\">www.ovh.com<\/a><\/p>\t\t\t\t\t\t\t\t<\/div>\n\t\t\t\t\t<\/div>\n\t\t\t\t<\/div>\n\t\t<div class=\"elementor-element elementor-element-85cd981 e-flex e-con-boxed e-con e-parent\" data-id=\"85cd981\" data-element_type=\"container\">\n\t\t\t\t\t<div class=\"e-con-inner\">\n\t\t\t\t<div class=\"elementor-element elementor-element-78a6447 elementor-widget-divider--view-line elementor-widget elementor-widget-divider\" data-id=\"78a6447\" data-element_type=\"widget\" data-widget_type=\"divider.default\">\n\t\t\t\t\t\t\t<div class=\"elementor-divider\">\n\t\t\t<span class=\"elementor-divider-separator\">\n\t\t\t\t\t\t<\/span>\n\t\t<\/div>\n\t\t\t\t\t\t<\/div>\n\t\t\t\t\t<\/div>\n\t\t\t\t<\/div>\n\t\t<div class=\"elementor-element elementor-element-b8cfff3 e-flex e-con-boxed e-con e-parent\" data-id=\"b8cfff3\" data-element_type=\"container\">\n\t\t\t\t\t<div class=\"e-con-inner\">\n\t\t\t\t<div class=\"elementor-element elementor-element-6836551 elementor-widget elementor-widget-heading\" data-id=\"6836551\" data-element_type=\"widget\" data-widget_type=\"heading.default\">\n\t\t\t\t\t<h2 class=\"elementor-heading-title elementor-size-default\"><b>Propri\u00e9t\u00e9 intellectuelle<\/b><\/h2>\t\t\t\t<\/div>\n\t\t\t\t\t<\/div>\n\t\t\t\t<\/div>\n\t\t<div class=\"elementor-element elementor-element-47d0971 e-flex e-con-boxed e-con e-parent\" data-id=\"47d0971\" data-element_type=\"container\">\n\t\t\t\t\t<div class=\"e-con-inner\">\n\t\t\t\t<div class=\"elementor-element elementor-element-55a5a9b elementor-widget elementor-widget-text-editor\" data-id=\"55a5a9b\" data-element_type=\"widget\" data-widget_type=\"text-editor.default\">\n\t\t\t\t\t\t\t\t\t<p data-start=\"907\" data-end=\"1049\">L\u2019ensemble des contenus pr\u00e9sents sur ce site (textes, images, illustrations, graphismes, logo, ic\u00f4nes, etc.) est prot\u00e9g\u00e9 par les dispositions du Code de la propri\u00e9t\u00e9 intellectuelle.<\/p><p data-start=\"1051\" data-end=\"1292\">Toute reproduction, repr\u00e9sentation, modification, publication ou adaptation, totale ou partielle, de tout ou partie des \u00e9l\u00e9ments du site, quel que soit le moyen ou le proc\u00e9d\u00e9 utilis\u00e9, est interdite sans l\u2019autorisation \u00e9crite pr\u00e9alable de <strong data-start=\"1269\" data-end=\"1291\">6T-MIC INGENIERIES<\/strong>.<\/p>\t\t\t\t\t\t\t\t<\/div>\n\t\t\t\t\t<\/div>\n\t\t\t\t<\/div>\n\t\t<div class=\"elementor-element elementor-element-36dbd00 e-flex e-con-boxed e-con e-parent\" data-id=\"36dbd00\" data-element_type=\"container\">\n\t\t\t\t\t<div class=\"e-con-inner\">\n\t\t\t\t<div class=\"elementor-element elementor-element-639f57d elementor-widget-divider--view-line elementor-widget elementor-widget-divider\" data-id=\"639f57d\" data-element_type=\"widget\" data-widget_type=\"divider.default\">\n\t\t\t\t\t\t\t<div class=\"elementor-divider\">\n\t\t\t<span class=\"elementor-divider-separator\">\n\t\t\t\t\t\t<\/span>\n\t\t<\/div>\n\t\t\t\t\t\t<\/div>\n\t\t\t\t\t<\/div>\n\t\t\t\t<\/div>\n\t\t<div class=\"elementor-element elementor-element-2222df0 e-flex e-con-boxed e-con e-parent\" data-id=\"2222df0\" data-element_type=\"container\">\n\t\t\t\t\t<div class=\"e-con-inner\">\n\t\t\t\t<div class=\"elementor-element elementor-element-95cd849 elementor-widget elementor-widget-heading\" data-id=\"95cd849\" data-element_type=\"widget\" data-widget_type=\"heading.default\">\n\t\t\t\t\t<h2 class=\"elementor-heading-title elementor-size-default\"><b>Responsabilit\u00e9<\/b><\/h2>\t\t\t\t<\/div>\n\t\t\t\t\t<\/div>\n\t\t\t\t<\/div>\n\t\t<div class=\"elementor-element elementor-element-d6fedac e-flex e-con-boxed e-con e-parent\" data-id=\"d6fedac\" data-element_type=\"container\">\n\t\t\t\t\t<div class=\"e-con-inner\">\n\t\t\t\t<div class=\"elementor-element elementor-element-c271d80 elementor-widget elementor-widget-text-editor\" data-id=\"c271d80\" data-element_type=\"widget\" data-widget_type=\"text-editor.default\">\n\t\t\t\t\t\t\t\t\t<p data-start=\"1315\" data-end=\"1391\">Les informations fournies sur ce site le sont \u00e0 titre purement informatif.<\/p><p data-start=\"1393\" data-end=\"1616\"><strong data-start=\"1393\" data-end=\"1415\">6T-MIC INGENIERIES<\/strong> s\u2019efforce d\u2019assurer l\u2019exactitude et la mise \u00e0 jour des informations diffus\u00e9es, mais ne saurait \u00eatre tenue responsable des erreurs, omissions ou r\u00e9sultats pouvant \u00eatre obtenus par un usage inappropri\u00e9 de ces informations.<\/p>\t\t\t\t\t\t\t\t<\/div>\n\t\t\t\t\t<\/div>\n\t\t\t\t<\/div>\n\t\t<div class=\"elementor-element elementor-element-f8ff4f9 e-flex e-con-boxed e-con e-parent\" data-id=\"f8ff4f9\" data-element_type=\"container\">\n\t\t\t\t\t<div class=\"e-con-inner\">\n\t\t\t\t<div class=\"elementor-element elementor-element-c63eee0 elementor-widget-divider--view-line elementor-widget elementor-widget-divider\" data-id=\"c63eee0\" data-element_type=\"widget\" data-widget_type=\"divider.default\">\n\t\t\t\t\t\t\t<div class=\"elementor-divider\">\n\t\t\t<span class=\"elementor-divider-separator\">\n\t\t\t\t\t\t<\/span>\n\t\t<\/div>\n\t\t\t\t\t\t<\/div>\n\t\t\t\t\t<\/div>\n\t\t\t\t<\/div>\n\t\t<div class=\"elementor-element elementor-element-d1c3a68 e-flex e-con-boxed e-con e-parent\" data-id=\"d1c3a68\" data-element_type=\"container\">\n\t\t\t\t\t<div class=\"e-con-inner\">\n\t\t\t\t<div class=\"elementor-element elementor-element-dad01db elementor-widget elementor-widget-heading\" data-id=\"dad01db\" data-element_type=\"widget\" data-widget_type=\"heading.default\">\n\t\t\t\t\t<h2 class=\"elementor-heading-title elementor-size-default\"><b>Donn\u00e9es personnelles<\/b><\/h2>\t\t\t\t<\/div>\n\t\t\t\t\t<\/div>\n\t\t\t\t<\/div>\n\t\t<div class=\"elementor-element elementor-element-d4a46ac e-flex e-con-boxed e-con e-parent\" data-id=\"d4a46ac\" data-element_type=\"container\">\n\t\t\t\t\t<div class=\"e-con-inner\">\n\t\t\t\t<div class=\"elementor-element elementor-element-dab35fe elementor-widget elementor-widget-text-editor\" data-id=\"dab35fe\" data-element_type=\"widget\" data-widget_type=\"text-editor.default\">\n\t\t\t\t\t\t\t\t\t<p data-start=\"1643\" data-end=\"1728\">Ce site ne propose aucun formulaire de contact et ne collecte aucune donn\u00e9e personnelle.<\/p><p data-start=\"1730\" data-end=\"1799\">Aucune donn\u00e9e personnelle n\u2019est transmise, c\u00e9d\u00e9e ou vendue \u00e0 des tiers.<\/p>\t\t\t\t\t\t\t\t<\/div>\n\t\t\t\t\t<\/div>\n\t\t\t\t<\/div>\n\t\t<div class=\"elementor-element elementor-element-4734656 e-flex e-con-boxed e-con e-parent\" data-id=\"4734656\" data-element_type=\"container\">\n\t\t\t\t\t<div class=\"e-con-inner\">\n\t\t\t\t<div class=\"elementor-element elementor-element-6d8aebe elementor-widget-divider--view-line elementor-widget elementor-widget-divider\" data-id=\"6d8aebe\" data-element_type=\"widget\" data-widget_type=\"divider.default\">\n\t\t\t\t\t\t\t<div class=\"elementor-divider\">\n\t\t\t<span class=\"elementor-divider-separator\">\n\t\t\t\t\t\t<\/span>\n\t\t<\/div>\n\t\t\t\t\t\t<\/div>\n\t\t\t\t\t<\/div>\n\t\t\t\t<\/div>\n\t\t<div class=\"elementor-element elementor-element-97a00a6 e-flex e-con-boxed e-con e-parent\" data-id=\"97a00a6\" data-element_type=\"container\">\n\t\t\t\t\t<div class=\"e-con-inner\">\n\t\t\t\t<div class=\"elementor-element elementor-element-06cc3b7 elementor-widget elementor-widget-heading\" data-id=\"06cc3b7\" data-element_type=\"widget\" data-widget_type=\"heading.default\">\n\t\t\t\t\t<h2 class=\"elementor-heading-title elementor-size-default\"><b>Cookies<\/b><\/h2>\t\t\t\t<\/div>\n\t\t\t\t\t<\/div>\n\t\t\t\t<\/div>\n\t\t<div class=\"elementor-element elementor-element-0ee4485 e-flex e-con-boxed e-con e-parent\" data-id=\"0ee4485\" data-element_type=\"container\">\n\t\t\t\t\t<div class=\"e-con-inner\">\n\t\t\t\t<div class=\"elementor-element elementor-element-c646848 elementor-widget elementor-widget-text-editor\" data-id=\"c646848\" data-element_type=\"widget\" data-widget_type=\"text-editor.default\">\n\t\t\t\t\t\t\t\t\t<p data-start=\"1820\" data-end=\"1929\">Ce site n\u2019utilise actuellement aucun cookie de mesure d\u2019audience ou de suivi, y compris Google Analytics.<\/p><p data-start=\"1931\" data-end=\"2161\">En cas d\u2019activation ult\u00e9rieure d\u2019outils de statistiques ou de cookies n\u00e9cessitant un consentement, un bandeau d\u2019information et un m\u00e9canisme de gestion du consentement seront mis en place conform\u00e9ment \u00e0 la r\u00e9glementation en vigueur (RGPD et recommandations de la CNIL).<\/p>\t\t\t\t\t\t\t\t<\/div>\n\t\t\t\t\t<\/div>\n\t\t\t\t<\/div>\n\t\t<div class=\"elementor-element elementor-element-224be90a e-flex e-con-boxed e-con e-parent\" data-id=\"224be90a\" data-element_type=\"container\">\n\t\t\t\t\t<div class=\"e-con-inner\">\n\t\t\t\t<div class=\"elementor-element elementor-element-5e4675d elementor-align-center elementor-mobile-align-center elementor-widget elementor-widget-global elementor-global-1762 elementor-widget-button\" data-id=\"5e4675d\" data-element_type=\"widget\" data-widget_type=\"button.default\">\n\t\t\t\t\t\t\t\t\t\t<a class=\"elementor-button elementor-button-link elementor-size-sm\" href=\"https:\/\/www.6t-mic.com\/fr\/contact\/\">\n\t\t\t\t\t\t<span class=\"elementor-button-content-wrapper\">\n\t\t\t\t\t\t\t\t\t<span class=\"elementor-button-text\">Nous contacter<\/span>\n\t\t\t\t\t<\/span>\n\t\t\t\t\t<\/a>\n\t\t\t\t\t\t\t\t<\/div>\n\t\t\t\t\t<\/div>\n\t\t\t\t<\/div>\n\t\t<div class=\"elementor-element elementor-element-513f2ddf e-flex e-con-boxed e-con e-parent\" data-id=\"513f2ddf\" data-element_type=\"container\">\n\t\t\t\t\t<div class=\"e-con-inner\">\n\t\t\t\t<div class=\"elementor-element elementor-element-4fee1b7c elementor-widget-divider--view-line elementor-widget elementor-widget-divider\" data-id=\"4fee1b7c\" data-element_type=\"widget\" data-widget_type=\"divider.default\">\n\t\t\t\t\t\t\t<div class=\"elementor-divider\">\n\t\t\t<span class=\"elementor-divider-separator\">\n\t\t\t\t\t\t<\/span>\n\t\t<\/div>\n\t\t\t\t\t\t<\/div>\n\t\t\t\t\t<\/div>\n\t\t\t\t<\/div>\n\t\t<div class=\"elementor-element elementor-element-683baf7a e-con-full e-flex e-con e-parent\" data-id=\"683baf7a\" data-element_type=\"container\" data-settings=\"{&quot;background_background&quot;:&quot;classic&quot;}\">\n\t\t\t\t<div class=\"elementor-element elementor-element-793f32da elementor-widget elementor-widget-image\" data-id=\"793f32da\" data-element_type=\"widget\" data-widget_type=\"image.default\">\n\t\t\t\t\t\t\t\t\t\t\t\t\t\t\t<img fetchpriority=\"high\" decoding=\"async\" width=\"640\" height=\"111\" src=\"https:\/\/www.6t-mic.com\/wp-content\/uploads\/2025\/12\/Frise-2-1024x178.png\" class=\"attachment-large size-large wp-image-1813\" alt=\"\" srcset=\"https:\/\/www.6t-mic.com\/wp-content\/uploads\/2025\/12\/Frise-2-1024x178.png 1024w, https:\/\/www.6t-mic.com\/wp-content\/uploads\/2025\/12\/Frise-2-300x52.png 300w, https:\/\/www.6t-mic.com\/wp-content\/uploads\/2025\/12\/Frise-2-768x133.png 768w, https:\/\/www.6t-mic.com\/wp-content\/uploads\/2025\/12\/Frise-2-1536x266.png 1536w, https:\/\/www.6t-mic.com\/wp-content\/uploads\/2025\/12\/Frise-2-18x3.png 18w, https:\/\/www.6t-mic.com\/wp-content\/uploads\/2025\/12\/Frise-2.png 1920w\" sizes=\"(max-width: 640px) 100vw, 640px\" \/>\t\t\t\t\t\t\t\t\t\t\t\t\t\t\t<\/div>\n\t\t\t\t<\/div>\n\t\t<div class=\"elementor-element elementor-element-137de846 e-flex e-con-boxed e-con e-parent\" data-id=\"137de846\" data-element_type=\"container\">\n\t\t\t\t\t<div class=\"e-con-inner\">\n\t\t\t\t<div class=\"elementor-element elementor-element-574cefc1 elementor-widget-divider--view-line elementor-widget elementor-widget-divider\" data-id=\"574cefc1\" data-element_type=\"widget\" data-widget_type=\"divider.default\">\n\t\t\t\t\t\t\t<div class=\"elementor-divider\">\n\t\t\t<span class=\"elementor-divider-separator\">\n\t\t\t\t\t\t<\/span>\n\t\t<\/div>\n\t\t\t\t\t\t<\/div>\n\t\t\t\t\t<\/div>\n\t\t\t\t<\/div>\n\t\t\t\t<\/div>","protected":false},"excerpt":{"rendered":"<p>Legal notice Website Publisher 6T-MIC INGENIERIES Legal form: SAS (Simplified Joint-Stock Company) Share capital: 64 635,00 \u20ac Registered office: 14 rue du D\u00e9veloppement &#8211; 31 320 CASTANET-TOLOSAN Phone: +33 5 34 43 63 39 Email: contact@6t-mic. com SIREN number: 478 766 256 Trade and Companies Register: RCS \u00a0TOULOUSE VAT identification number: FR89 478 766 256 [&hellip;]<\/p>\n","protected":false},"author":1,"featured_media":0,"parent":0,"menu_order":0,"comment_status":"closed","ping_status":"closed","template":"elementor_header_footer","meta":{"footnotes":""},"class_list":["post-2398","page","type-page","status-publish","hentry"],"_links":{"self":[{"href":"https:\/\/www.6t-mic.com\/fr\/wp-json\/wp\/v2\/pages\/2398","targetHints":{"allow":["GET"]}}],"collection":[{"href":"https:\/\/www.6t-mic.com\/fr\/wp-json\/wp\/v2\/pages"}],"about":[{"href":"https:\/\/www.6t-mic.com\/fr\/wp-json\/wp\/v2\/types\/page"}],"author":[{"embeddable":true,"href":"https:\/\/www.6t-mic.com\/fr\/wp-json\/wp\/v2\/users\/1"}],"replies":[{"embeddable":true,"href":"https:\/\/www.6t-mic.com\/fr\/wp-json\/wp\/v2\/comments?post=2398"}],"version-history":[{"count":7,"href":"https:\/\/www.6t-mic.com\/fr\/wp-json\/wp\/v2\/pages\/2398\/revisions"}],"predecessor-version":[{"id":2421,"href":"https:\/\/www.6t-mic.com\/fr\/wp-json\/wp\/v2\/pages\/2398\/revisions\/2421"}],"wp:attachment":[{"href":"https:\/\/www.6t-mic.com\/fr\/wp-json\/wp\/v2\/media?parent=2398"}],"curies":[{"name":"wp","href":"https:\/\/api.w.org\/{rel}","templated":true}]}}