{"id":2410,"date":"2025-12-24T11:56:18","date_gmt":"2025-12-24T10:56:18","guid":{"rendered":"https:\/\/www.6t-mic.com\/?page_id=2410"},"modified":"2025-12-24T16:47:55","modified_gmt":"2025-12-24T15:47:55","slug":"privacy-policy","status":"publish","type":"page","link":"https:\/\/www.6t-mic.com\/fr\/privacy-policy\/","title":{"rendered":"Politique de confidentialit\u00e9"},"content":{"rendered":"<div data-elementor-type=\"wp-page\" data-elementor-id=\"2410\" class=\"elementor elementor-2410\" data-elementor-post-type=\"page\">\n\t\t\t\t<div class=\"elementor-element elementor-element-334791f9 e-flex e-con-boxed e-con e-parent\" data-id=\"334791f9\" data-element_type=\"container\">\n\t\t\t\t\t<div class=\"e-con-inner\">\n\t\t\t\t<div class=\"elementor-element elementor-element-35a78977 elementor-widget elementor-widget-heading\" data-id=\"35a78977\" data-element_type=\"widget\" data-widget_type=\"heading.default\">\n\t\t\t\t\t<h2 class=\"elementor-heading-title elementor-size-default\">1\ufe0f\u20e3 Politique de confidentialit\u00e9<\/h2>\t\t\t\t<\/div>\n\t\t\t\t\t<\/div>\n\t\t\t\t<\/div>\n\t\t<div class=\"elementor-element elementor-element-74149522 e-flex e-con-boxed e-con e-parent\" data-id=\"74149522\" data-element_type=\"container\">\n\t\t\t\t\t<div class=\"e-con-inner\">\n\t\t\t\t<div class=\"elementor-element elementor-element-1d913f9f elementor-widget-divider--view-line elementor-widget elementor-widget-divider\" data-id=\"1d913f9f\" data-element_type=\"widget\" data-widget_type=\"divider.default\">\n\t\t\t\t\t\t\t<div class=\"elementor-divider\">\n\t\t\t<span class=\"elementor-divider-separator\">\n\t\t\t\t\t\t<\/span>\n\t\t<\/div>\n\t\t\t\t\t\t<\/div>\n\t\t\t\t\t<\/div>\n\t\t\t\t<\/div>\n\t\t<div class=\"elementor-element elementor-element-0b30f5a e-flex e-con-boxed e-con e-parent\" data-id=\"0b30f5a\" data-element_type=\"container\">\n\t\t\t\t\t<div class=\"e-con-inner\">\n\t\t\t\t<div class=\"elementor-element elementor-element-1fc77a3 elementor-widget elementor-widget-heading\" data-id=\"1fc77a3\" data-element_type=\"widget\" data-widget_type=\"heading.default\">\n\t\t\t\t\t<h2 class=\"elementor-heading-title elementor-size-default\"><b>Responsable du traitement<\/b><\/h2>\t\t\t\t<\/div>\n\t\t\t\t\t<\/div>\n\t\t\t\t<\/div>\n\t\t<div class=\"elementor-element elementor-element-16197fd e-flex e-con-boxed e-con e-parent\" data-id=\"16197fd\" data-element_type=\"container\">\n\t\t\t\t\t<div class=\"e-con-inner\">\n\t\t\t\t<div class=\"elementor-element elementor-element-90463a9 elementor-widget elementor-widget-text-editor\" data-id=\"90463a9\" data-element_type=\"widget\" data-widget_type=\"text-editor.default\">\n\t\t\t\t\t\t\t\t\t<p data-start=\"437\" data-end=\"562\">Le responsable du traitement des donn\u00e9es est :<\/p><p data-start=\"437\" data-end=\"562\"><br data-start=\"335\" data-end=\"338\" \/><strong data-start=\"338\" data-end=\"360\">6T-MIC INGENIERIES<\/strong>, SAS<br data-start=\"365\" data-end=\"368\" \/>Directeur de la publication : Serge DA SILVA <strong data-start=\"390\" data-end=\"408\">Serge DA SILVA<\/strong><\/p>\t\t\t\t\t\t\t\t<\/div>\n\t\t\t\t\t<\/div>\n\t\t\t\t<\/div>\n\t\t<div class=\"elementor-element elementor-element-1f07a8e e-flex e-con-boxed e-con e-parent\" data-id=\"1f07a8e\" data-element_type=\"container\">\n\t\t\t\t\t<div class=\"e-con-inner\">\n\t\t\t\t<div class=\"elementor-element elementor-element-9fbbc66 elementor-widget-divider--view-line elementor-widget elementor-widget-divider\" data-id=\"9fbbc66\" data-element_type=\"widget\" data-widget_type=\"divider.default\">\n\t\t\t\t\t\t\t<div class=\"elementor-divider\">\n\t\t\t<span class=\"elementor-divider-separator\">\n\t\t\t\t\t\t<\/span>\n\t\t<\/div>\n\t\t\t\t\t\t<\/div>\n\t\t\t\t\t<\/div>\n\t\t\t\t<\/div>\n\t\t<div class=\"elementor-element elementor-element-785f18e2 e-flex e-con-boxed e-con e-parent\" data-id=\"785f18e2\" data-element_type=\"container\">\n\t\t\t\t\t<div class=\"e-con-inner\">\n\t\t\t\t<div class=\"elementor-element elementor-element-2c1f58b3 elementor-widget elementor-widget-heading\" data-id=\"2c1f58b3\" data-element_type=\"widget\" data-widget_type=\"heading.default\">\n\t\t\t\t\t<h2 class=\"elementor-heading-title elementor-size-default\"><b>Collecte des donn\u00e9es<\/b><\/h2>\t\t\t\t<\/div>\n\t\t\t\t\t<\/div>\n\t\t\t\t<\/div>\n\t\t<div class=\"elementor-element elementor-element-2c673053 e-flex e-con-boxed e-con e-parent\" data-id=\"2c673053\" data-element_type=\"container\">\n\t\t\t\t\t<div class=\"e-con-inner\">\n\t\t\t\t<div class=\"elementor-element elementor-element-1885b43 elementor-widget elementor-widget-text-editor\" data-id=\"1885b43\" data-element_type=\"widget\" data-widget_type=\"text-editor.default\">\n\t\t\t\t\t\t\t\t\t<p data-start=\"437\" data-end=\"562\">Le site ne propose actuellement aucun formulaire de contact et ne collecte aucune donn\u00e9e personnelle directement aupr\u00e8s des utilisateurs.<\/p><p data-start=\"564\" data-end=\"642\">Aucune cr\u00e9ation de compte, aucun espace client et aucun dispositif de collecte automatis\u00e9e de donn\u00e9es personnelles ne sont mis en place.<\/p>\t\t\t\t\t\t\t\t<\/div>\n\t\t\t\t\t<\/div>\n\t\t\t\t<\/div>\n\t\t<div class=\"elementor-element elementor-element-2bc31161 e-flex e-con-boxed e-con e-parent\" data-id=\"2bc31161\" data-element_type=\"container\">\n\t\t\t\t\t<div class=\"e-con-inner\">\n\t\t\t\t<div class=\"elementor-element elementor-element-32fc7923 elementor-widget-divider--view-line elementor-widget elementor-widget-divider\" data-id=\"32fc7923\" data-element_type=\"widget\" data-widget_type=\"divider.default\">\n\t\t\t\t\t\t\t<div class=\"elementor-divider\">\n\t\t\t<span class=\"elementor-divider-separator\">\n\t\t\t\t\t\t<\/span>\n\t\t<\/div>\n\t\t\t\t\t\t<\/div>\n\t\t\t\t\t<\/div>\n\t\t\t\t<\/div>\n\t\t<div class=\"elementor-element elementor-element-40ca33ff e-flex e-con-boxed e-con e-parent\" data-id=\"40ca33ff\" data-element_type=\"container\">\n\t\t\t\t\t<div class=\"e-con-inner\">\n\t\t\t\t<div class=\"elementor-element elementor-element-5ea088af elementor-widget elementor-widget-heading\" data-id=\"5ea088af\" data-element_type=\"widget\" data-widget_type=\"heading.default\">\n\t\t\t\t\t<h2 class=\"elementor-heading-title elementor-size-default\"><b>Finalit\u00e9 du traitement\n<\/b><\/h2>\t\t\t\t<\/div>\n\t\t\t\t\t<\/div>\n\t\t\t\t<\/div>\n\t\t<div class=\"elementor-element elementor-element-57456707 e-flex e-con-boxed e-con e-parent\" data-id=\"57456707\" data-element_type=\"container\">\n\t\t\t\t\t<div class=\"e-con-inner\">\n\t\t\t\t<div class=\"elementor-element elementor-element-cb958e9 elementor-widget elementor-widget-text-editor\" data-id=\"cb958e9\" data-element_type=\"widget\" data-widget_type=\"text-editor.default\">\n\t\t\t\t\t\t\t\t\t<p data-start=\"682\" data-end=\"745\">Aucun traitement de donn\u00e9es personnelles n\u2019est effectu\u00e9 via ce site \u00e0 ce jour.<\/p><p>\u00a0<\/p>\t\t\t\t\t\t\t\t<\/div>\n\t\t\t\t\t<\/div>\n\t\t\t\t<\/div>\n\t\t<div class=\"elementor-element elementor-element-3e862fd2 e-flex e-con-boxed e-con e-parent\" data-id=\"3e862fd2\" data-element_type=\"container\">\n\t\t\t\t\t<div class=\"e-con-inner\">\n\t\t\t\t<div class=\"elementor-element elementor-element-16b176c5 elementor-widget-divider--view-line elementor-widget elementor-widget-divider\" data-id=\"16b176c5\" data-element_type=\"widget\" data-widget_type=\"divider.default\">\n\t\t\t\t\t\t\t<div class=\"elementor-divider\">\n\t\t\t<span class=\"elementor-divider-separator\">\n\t\t\t\t\t\t<\/span>\n\t\t<\/div>\n\t\t\t\t\t\t<\/div>\n\t\t\t\t\t<\/div>\n\t\t\t\t<\/div>\n\t\t<div class=\"elementor-element elementor-element-6d806ea7 e-flex e-con-boxed e-con e-parent\" data-id=\"6d806ea7\" data-element_type=\"container\">\n\t\t\t\t\t<div class=\"e-con-inner\">\n\t\t\t\t<div class=\"elementor-element elementor-element-194fb461 elementor-widget elementor-widget-heading\" data-id=\"194fb461\" data-element_type=\"widget\" data-widget_type=\"heading.default\">\n\t\t\t\t\t<h2 class=\"elementor-heading-title elementor-size-default\"><b>Destinataires des donn\u00e9es<\/b><\/h2>\t\t\t\t<\/div>\n\t\t\t\t\t<\/div>\n\t\t\t\t<\/div>\n\t\t<div class=\"elementor-element elementor-element-6904a2dd e-flex e-con-boxed e-con e-parent\" data-id=\"6904a2dd\" data-element_type=\"container\">\n\t\t\t\t\t<div class=\"e-con-inner\">\n\t\t\t\t<div class=\"elementor-element elementor-element-7681b461 elementor-widget elementor-widget-text-editor\" data-id=\"7681b461\" data-element_type=\"widget\" data-widget_type=\"text-editor.default\">\n\t\t\t\t\t\t\t\t\t<p data-start=\"777\" data-end=\"845\">Aucune donn\u00e9e personnelle n\u2019est transmise, c\u00e9d\u00e9e ou vendue \u00e0 des tiers.<\/p>\t\t\t\t\t\t\t\t<\/div>\n\t\t\t\t\t<\/div>\n\t\t\t\t<\/div>\n\t\t<div class=\"elementor-element elementor-element-620ef314 e-flex e-con-boxed e-con e-parent\" data-id=\"620ef314\" data-element_type=\"container\">\n\t\t\t\t\t<div class=\"e-con-inner\">\n\t\t\t\t<div class=\"elementor-element elementor-element-13f2e990 elementor-widget-divider--view-line elementor-widget elementor-widget-divider\" data-id=\"13f2e990\" data-element_type=\"widget\" data-widget_type=\"divider.default\">\n\t\t\t\t\t\t\t<div class=\"elementor-divider\">\n\t\t\t<span class=\"elementor-divider-separator\">\n\t\t\t\t\t\t<\/span>\n\t\t<\/div>\n\t\t\t\t\t\t<\/div>\n\t\t\t\t\t<\/div>\n\t\t\t\t<\/div>\n\t\t<div class=\"elementor-element elementor-element-215b442d e-flex e-con-boxed e-con e-parent\" data-id=\"215b442d\" data-element_type=\"container\">\n\t\t\t\t\t<div class=\"e-con-inner\">\n\t\t\t\t<div class=\"elementor-element elementor-element-354e559e elementor-widget elementor-widget-heading\" data-id=\"354e559e\" data-element_type=\"widget\" data-widget_type=\"heading.default\">\n\t\t\t\t\t<h2 class=\"elementor-heading-title elementor-size-default\"><b>Dur\u00e9e de conservation<\/b><\/h2>\t\t\t\t<\/div>\n\t\t\t\t\t<\/div>\n\t\t\t\t<\/div>\n\t\t<div class=\"elementor-element elementor-element-5ddf1fa e-flex e-con-boxed e-con e-parent\" data-id=\"5ddf1fa\" data-element_type=\"container\">\n\t\t\t\t\t<div class=\"e-con-inner\">\n\t\t\t\t<div class=\"elementor-element elementor-element-5fbb1f8d elementor-widget elementor-widget-text-editor\" data-id=\"5fbb1f8d\" data-element_type=\"widget\" data-widget_type=\"text-editor.default\">\n\t\t\t\t\t\t\t\t\t<p data-start=\"873\" data-end=\"943\">Aucune donn\u00e9e personnelle n\u2019est transmise, c\u00e9d\u00e9e ou vendue \u00e0 des tiers.<\/p>\t\t\t\t\t\t\t\t<\/div>\n\t\t\t\t\t<\/div>\n\t\t\t\t<\/div>\n\t\t<div class=\"elementor-element elementor-element-70ee1676 e-flex e-con-boxed e-con e-parent\" data-id=\"70ee1676\" data-element_type=\"container\">\n\t\t\t\t\t<div class=\"e-con-inner\">\n\t\t\t\t<div class=\"elementor-element elementor-element-3e3e8749 elementor-widget-divider--view-line elementor-widget elementor-widget-divider\" data-id=\"3e3e8749\" data-element_type=\"widget\" data-widget_type=\"divider.default\">\n\t\t\t\t\t\t\t<div class=\"elementor-divider\">\n\t\t\t<span class=\"elementor-divider-separator\">\n\t\t\t\t\t\t<\/span>\n\t\t<\/div>\n\t\t\t\t\t\t<\/div>\n\t\t\t\t\t<\/div>\n\t\t\t\t<\/div>\n\t\t<div class=\"elementor-element elementor-element-79076e02 e-flex e-con-boxed e-con e-parent\" data-id=\"79076e02\" data-element_type=\"container\">\n\t\t\t\t\t<div class=\"e-con-inner\">\n\t\t\t\t<div class=\"elementor-element elementor-element-2e6917d8 elementor-widget elementor-widget-heading\" data-id=\"2e6917d8\" data-element_type=\"widget\" data-widget_type=\"heading.default\">\n\t\t\t\t\t<h2 class=\"elementor-heading-title elementor-size-default\"><b>Droits des utilisateurs<\/b><\/h2>\t\t\t\t<\/div>\n\t\t\t\t\t<\/div>\n\t\t\t\t<\/div>\n\t\t<div class=\"elementor-element elementor-element-139110ea e-flex e-con-boxed e-con e-parent\" data-id=\"139110ea\" data-element_type=\"container\">\n\t\t\t\t\t<div class=\"e-con-inner\">\n\t\t\t\t<div class=\"elementor-element elementor-element-21bf942c elementor-widget elementor-widget-text-editor\" data-id=\"21bf942c\" data-element_type=\"widget\" data-widget_type=\"text-editor.default\">\n\t\t\t\t\t\t\t\t\t<p data-start=\"970\" data-end=\"1084\">Conform\u00e9ment au R\u00e8glement G\u00e9n\u00e9ral sur la Protection des Donn\u00e9es (RGPD \u2013 UE 2016\/679), les utilisateurs disposent des droits suivants :<\/p><ul data-start=\"1085\" data-end=\"1237\"><li data-start=\"1085\" data-end=\"1104\"><p data-start=\"1087\" data-end=\"1104\">droit d\u2019acc\u00e8s<\/p><\/li><li data-start=\"1105\" data-end=\"1131\"><p data-start=\"1107\" data-end=\"1131\">droit de rectification<\/p><\/li><li data-start=\"1132\" data-end=\"1178\"><p data-start=\"1134\" data-end=\"1178\">droit \u00e0 l\u2019effacement<\/p><\/li><li data-start=\"1179\" data-end=\"1217\"><p data-start=\"1181\" data-end=\"1217\">droit \u00e0 la limitation du traitement<\/p><\/li><li data-start=\"1218\" data-end=\"1237\"><p data-start=\"1220\" data-end=\"1237\">droit d\u2019opposition<\/p><\/li><\/ul><p data-start=\"1239\" data-end=\"1305\">Ces droits peuvent \u00eatre exerc\u00e9s en contactant l\u2019\u00e9diteur du site.<\/p>\t\t\t\t\t\t\t\t<\/div>\n\t\t\t\t\t<\/div>\n\t\t\t\t<\/div>\n\t\t<div class=\"elementor-element elementor-element-36e8fa74 e-flex e-con-boxed e-con e-parent\" data-id=\"36e8fa74\" data-element_type=\"container\">\n\t\t\t\t\t<div class=\"e-con-inner\">\n\t\t\t\t<div class=\"elementor-element elementor-element-57ada201 elementor-widget-divider--view-line elementor-widget elementor-widget-divider\" data-id=\"57ada201\" data-element_type=\"widget\" data-widget_type=\"divider.default\">\n\t\t\t\t\t\t\t<div class=\"elementor-divider\">\n\t\t\t<span class=\"elementor-divider-separator\">\n\t\t\t\t\t\t<\/span>\n\t\t<\/div>\n\t\t\t\t\t\t<\/div>\n\t\t\t\t\t<\/div>\n\t\t\t\t<\/div>\n\t\t<div class=\"elementor-element elementor-element-166cdbb e-flex e-con-boxed e-con e-parent\" data-id=\"166cdbb\" data-element_type=\"container\">\n\t\t\t\t\t<div class=\"e-con-inner\">\n\t\t\t\t<div class=\"elementor-element elementor-element-c4a0317 elementor-widget elementor-widget-heading\" data-id=\"c4a0317\" data-element_type=\"widget\" data-widget_type=\"heading.default\">\n\t\t\t\t\t<h2 class=\"elementor-heading-title elementor-size-default\"><b>S\u00e9curit\u00e9<\/b><\/h2>\t\t\t\t<\/div>\n\t\t\t\t\t<\/div>\n\t\t\t\t<\/div>\n\t\t<div class=\"elementor-element elementor-element-1633a30a e-flex e-con-boxed e-con e-parent\" data-id=\"1633a30a\" data-element_type=\"container\">\n\t\t\t\t\t<div class=\"e-con-inner\">\n\t\t\t\t<div class=\"elementor-element elementor-element-46db6e3a elementor-widget elementor-widget-text-editor\" data-id=\"46db6e3a\" data-element_type=\"widget\" data-widget_type=\"text-editor.default\">\n\t\t\t\t\t\t\t\t\t<p><strong data-start=\"1327\" data-end=\"1349\">6T-MIC INGENIERIES<\/strong> met en \u0153uvre toutes les mesures techniques et organisationnelles appropri\u00e9es afin de garantir la s\u00e9curit\u00e9 du site et pr\u00e9venir tout acc\u00e8s non autoris\u00e9<\/p>\t\t\t\t\t\t\t\t<\/div>\n\t\t\t\t\t<\/div>\n\t\t\t\t<\/div>\n\t\t<div class=\"elementor-element elementor-element-6c886adf e-flex e-con-boxed e-con e-parent\" data-id=\"6c886adf\" data-element_type=\"container\">\n\t\t\t\t\t<div class=\"e-con-inner\">\n\t\t\t\t<div class=\"elementor-element elementor-element-183d938e elementor-widget-divider--view-line elementor-widget elementor-widget-divider\" data-id=\"183d938e\" data-element_type=\"widget\" data-widget_type=\"divider.default\">\n\t\t\t\t\t\t\t<div class=\"elementor-divider\">\n\t\t\t<span class=\"elementor-divider-separator\">\n\t\t\t\t\t\t<\/span>\n\t\t<\/div>\n\t\t\t\t\t\t<\/div>\n\t\t\t\t\t<\/div>\n\t\t\t\t<\/div>\n\t\t<div class=\"elementor-element elementor-element-196e3d34 e-flex e-con-boxed e-con e-parent\" data-id=\"196e3d34\" data-element_type=\"container\">\n\t\t\t\t\t<div class=\"e-con-inner\">\n\t\t\t\t<div class=\"elementor-element elementor-element-1dfddd2e elementor-widget elementor-widget-heading\" data-id=\"1dfddd2e\" data-element_type=\"widget\" data-widget_type=\"heading.default\">\n\t\t\t\t\t<h2 class=\"elementor-heading-title elementor-size-default\"><b>Cookies<\/b><\/h2>\t\t\t\t<\/div>\n\t\t\t\t\t<\/div>\n\t\t\t\t<\/div>\n\t\t<div class=\"elementor-element elementor-element-38f7f120 e-flex e-con-boxed e-con e-parent\" data-id=\"38f7f120\" data-element_type=\"container\">\n\t\t\t\t\t<div class=\"e-con-inner\">\n\t\t\t\t<div class=\"elementor-element elementor-element-516aec99 elementor-widget elementor-widget-text-editor\" data-id=\"516aec99\" data-element_type=\"widget\" data-widget_type=\"text-editor.default\">\n\t\t\t\t\t\t\t\t\t<p data-start=\"1820\" data-end=\"1929\">Ce site n\u2019utilise actuellement aucun cookie de mesure d\u2019audience ou de suivi, y compris Google Analytics.<\/p><p data-start=\"1931\" data-end=\"2161\">En cas d\u2019activation ult\u00e9rieure d\u2019outils de statistiques ou de cookies n\u00e9cessitant un consentement, un bandeau d\u2019information et un m\u00e9canisme de gestion du consentement seront mis en place conform\u00e9ment \u00e0 la r\u00e9glementation en vigueur (RGPD et recommandations de la CNIL).<\/p>\t\t\t\t\t\t\t\t<\/div>\n\t\t\t\t\t<\/div>\n\t\t\t\t<\/div>\n\t\t<div class=\"elementor-element elementor-element-e5dec72 e-flex e-con-boxed e-con e-parent\" data-id=\"e5dec72\" data-element_type=\"container\">\n\t\t\t\t\t<div class=\"e-con-inner\">\n\t\t\t\t<div class=\"elementor-element elementor-element-16acab4 elementor-widget-divider--view-line elementor-widget elementor-widget-divider\" data-id=\"16acab4\" data-element_type=\"widget\" data-widget_type=\"divider.default\">\n\t\t\t\t\t\t\t<div class=\"elementor-divider\">\n\t\t\t<span class=\"elementor-divider-separator\">\n\t\t\t\t\t\t<\/span>\n\t\t<\/div>\n\t\t\t\t\t\t<\/div>\n\t\t\t\t\t<\/div>\n\t\t\t\t<\/div>\n\t\t<div class=\"elementor-element elementor-element-1401a61 e-flex e-con-boxed e-con e-parent\" data-id=\"1401a61\" data-element_type=\"container\">\n\t\t\t\t\t<div class=\"e-con-inner\">\n\t\t\t\t<div class=\"elementor-element elementor-element-e2f8580 elementor-widget elementor-widget-heading\" data-id=\"e2f8580\" data-element_type=\"widget\" data-widget_type=\"heading.default\">\n\t\t\t\t\t<h2 class=\"elementor-heading-title elementor-size-default\"><b>Modification de la politique<\/b><\/h2>\t\t\t\t<\/div>\n\t\t\t\t\t<\/div>\n\t\t\t\t<\/div>\n\t\t<div class=\"elementor-element elementor-element-db78ad0 e-flex e-con-boxed e-con e-parent\" data-id=\"db78ad0\" data-element_type=\"container\">\n\t\t\t\t\t<div class=\"e-con-inner\">\n\t\t\t\t<div class=\"elementor-element elementor-element-a5d2d99 elementor-widget elementor-widget-text-editor\" data-id=\"a5d2d99\" data-element_type=\"widget\" data-widget_type=\"text-editor.default\">\n\t\t\t\t\t\t\t\t\t<p data-start=\"1506\" data-end=\"1610\">La pr\u00e9sente politique de confidentialit\u00e9 peut \u00eatre modifi\u00e9e \u00e0 tout moment afin de se conformer aux \u00e9volutions l\u00e9gales ou techniques.<br data-start=\"1964\" data-end=\"1967\" \/>Les utilisateurs sont invit\u00e9s \u00e0 consulter r\u00e9guli\u00e8rement cette page afin de prendre connaissance de toute modification.<\/p>\t\t\t\t\t\t\t\t<\/div>\n\t\t\t\t\t<\/div>\n\t\t\t\t<\/div>\n\t\t<div class=\"elementor-element elementor-element-1705e152 e-flex e-con-boxed e-con e-parent\" data-id=\"1705e152\" data-element_type=\"container\">\n\t\t\t\t\t<div class=\"e-con-inner\">\n\t\t\t\t<div class=\"elementor-element elementor-element-66e8d0c8 elementor-align-center elementor-mobile-align-center elementor-widget elementor-widget-global elementor-global-1762 elementor-widget-button\" data-id=\"66e8d0c8\" data-element_type=\"widget\" data-widget_type=\"button.default\">\n\t\t\t\t\t\t\t\t\t\t<a class=\"elementor-button elementor-button-link elementor-size-sm\" href=\"https:\/\/www.6t-mic.com\/fr\/contact\/\">\n\t\t\t\t\t\t<span class=\"elementor-button-content-wrapper\">\n\t\t\t\t\t\t\t\t\t<span class=\"elementor-button-text\">Nous contacter<\/span>\n\t\t\t\t\t<\/span>\n\t\t\t\t\t<\/a>\n\t\t\t\t\t\t\t\t<\/div>\n\t\t\t\t\t<\/div>\n\t\t\t\t<\/div>\n\t\t<div class=\"elementor-element elementor-element-1fa9b80c e-flex e-con-boxed e-con e-parent\" data-id=\"1fa9b80c\" data-element_type=\"container\">\n\t\t\t\t\t<div class=\"e-con-inner\">\n\t\t\t\t<div class=\"elementor-element elementor-element-70df6515 elementor-widget-divider--view-line elementor-widget elementor-widget-divider\" data-id=\"70df6515\" data-element_type=\"widget\" data-widget_type=\"divider.default\">\n\t\t\t\t\t\t\t<div class=\"elementor-divider\">\n\t\t\t<span class=\"elementor-divider-separator\">\n\t\t\t\t\t\t<\/span>\n\t\t<\/div>\n\t\t\t\t\t\t<\/div>\n\t\t\t\t\t<\/div>\n\t\t\t\t<\/div>\n\t\t<div class=\"elementor-element elementor-element-47118f00 e-con-full e-flex e-con e-parent\" data-id=\"47118f00\" data-element_type=\"container\" data-settings=\"{&quot;background_background&quot;:&quot;classic&quot;}\">\n\t\t\t\t<div class=\"elementor-element elementor-element-486ce3f8 elementor-widget elementor-widget-image\" data-id=\"486ce3f8\" data-element_type=\"widget\" data-widget_type=\"image.default\">\n\t\t\t\t\t\t\t\t\t\t\t\t\t\t\t<img fetchpriority=\"high\" decoding=\"async\" width=\"640\" height=\"111\" src=\"https:\/\/www.6t-mic.com\/wp-content\/uploads\/2025\/12\/Frise-2-1024x178.png\" class=\"attachment-large size-large wp-image-1813\" alt=\"\" srcset=\"https:\/\/www.6t-mic.com\/wp-content\/uploads\/2025\/12\/Frise-2-1024x178.png 1024w, https:\/\/www.6t-mic.com\/wp-content\/uploads\/2025\/12\/Frise-2-300x52.png 300w, https:\/\/www.6t-mic.com\/wp-content\/uploads\/2025\/12\/Frise-2-768x133.png 768w, https:\/\/www.6t-mic.com\/wp-content\/uploads\/2025\/12\/Frise-2-1536x266.png 1536w, https:\/\/www.6t-mic.com\/wp-content\/uploads\/2025\/12\/Frise-2-18x3.png 18w, https:\/\/www.6t-mic.com\/wp-content\/uploads\/2025\/12\/Frise-2.png 1920w\" sizes=\"(max-width: 640px) 100vw, 640px\" \/>\t\t\t\t\t\t\t\t\t\t\t\t\t\t\t<\/div>\n\t\t\t\t<\/div>\n\t\t<div class=\"elementor-element elementor-element-70c0d309 e-flex e-con-boxed e-con e-parent\" data-id=\"70c0d309\" data-element_type=\"container\">\n\t\t\t\t\t<div class=\"e-con-inner\">\n\t\t\t\t<div class=\"elementor-element elementor-element-52a08600 elementor-widget-divider--view-line elementor-widget elementor-widget-divider\" data-id=\"52a08600\" data-element_type=\"widget\" data-widget_type=\"divider.default\">\n\t\t\t\t\t\t\t<div class=\"elementor-divider\">\n\t\t\t<span class=\"elementor-divider-separator\">\n\t\t\t\t\t\t<\/span>\n\t\t<\/div>\n\t\t\t\t\t\t<\/div>\n\t\t\t\t\t<\/div>\n\t\t\t\t<\/div>\n\t\t\t\t<\/div>","protected":false},"excerpt":{"rendered":"<p>Privacy Policy Data Controller The data controller for this website is: 6T-MIC INGENIERIES, SASPublication Director: Serge DA SILVA Data Collection This website does not provide any contact forms and does not collect any personal data from its users at this time. No account creation, login, or automated personal data collection is in place. Purpose of [&hellip;]<\/p>\n","protected":false},"author":1,"featured_media":0,"parent":0,"menu_order":0,"comment_status":"closed","ping_status":"closed","template":"elementor_header_footer","meta":{"footnotes":""},"class_list":["post-2410","page","type-page","status-publish","hentry"],"_links":{"self":[{"href":"https:\/\/www.6t-mic.com\/fr\/wp-json\/wp\/v2\/pages\/2410","targetHints":{"allow":["GET"]}}],"collection":[{"href":"https:\/\/www.6t-mic.com\/fr\/wp-json\/wp\/v2\/pages"}],"about":[{"href":"https:\/\/www.6t-mic.com\/fr\/wp-json\/wp\/v2\/types\/page"}],"author":[{"embeddable":true,"href":"https:\/\/www.6t-mic.com\/fr\/wp-json\/wp\/v2\/users\/1"}],"replies":[{"embeddable":true,"href":"https:\/\/www.6t-mic.com\/fr\/wp-json\/wp\/v2\/comments?post=2410"}],"version-history":[{"count":11,"href":"https:\/\/www.6t-mic.com\/fr\/wp-json\/wp\/v2\/pages\/2410\/revisions"}],"predecessor-version":[{"id":2427,"href":"https:\/\/www.6t-mic.com\/fr\/wp-json\/wp\/v2\/pages\/2410\/revisions\/2427"}],"wp:attachment":[{"href":"https:\/\/www.6t-mic.com\/fr\/wp-json\/wp\/v2\/media?parent=2410"}],"curies":[{"name":"wp","href":"https:\/\/api.w.org\/{rel}","templated":true}]}}