{"id":2695,"date":"2025-12-30T10:52:15","date_gmt":"2025-12-30T09:52:15","guid":{"rendered":"https:\/\/www.6t-mic.com\/?page_id=2695"},"modified":"2025-12-30T11:14:42","modified_gmt":"2025-12-30T10:14:42","slug":"project-defi-h12","status":"publish","type":"page","link":"https:\/\/www.6t-mic.com\/fr\/project-defi-h12\/","title":{"rendered":"Project DEFI H12"},"content":{"rendered":"<div data-elementor-type=\"wp-page\" data-elementor-id=\"2695\" class=\"elementor elementor-2695\" data-elementor-post-type=\"page\">\n\t\t\t\t<div class=\"elementor-element elementor-element-688fbde9 e-flex e-con-boxed e-con e-parent\" data-id=\"688fbde9\" data-element_type=\"container\">\n\t\t\t\t\t<div class=\"e-con-inner\">\n\t\t<div class=\"elementor-element elementor-element-6cb01e47 e-con-full e-flex e-con e-child\" data-id=\"6cb01e47\" data-element_type=\"container\">\n\t\t\t\t<div class=\"elementor-element elementor-element-556ae006 elementor-widget elementor-widget-image\" data-id=\"556ae006\" data-element_type=\"widget\" data-widget_type=\"image.default\">\n\t\t\t\t\t\t\t\t\t\t\t\t<figure class=\"wp-caption\">\n\t\t\t\t\t\t\t\t\t\t<img fetchpriority=\"high\" decoding=\"async\" width=\"295\" height=\"195\" src=\"https:\/\/www.6t-mic.com\/wp-content\/uploads\/2025\/12\/Logo-Defi-H12.png\" class=\"attachment-large size-large wp-image-2697\" alt=\"\" srcset=\"https:\/\/www.6t-mic.com\/wp-content\/uploads\/2025\/12\/Logo-Defi-H12.png 295w, https:\/\/www.6t-mic.com\/wp-content\/uploads\/2025\/12\/Logo-Defi-H12-18x12.png 18w\" sizes=\"(max-width: 295px) 100vw, 295px\" \/>\t\t\t\t\t\t\t\t\t\t\t<figcaption class=\"widget-image-caption wp-caption-text\"><\/figcaption>\n\t\t\t\t\t\t\t\t\t\t<\/figure>\n\t\t\t\t\t\t\t\t\t<\/div>\n\t\t\t\t<div class=\"elementor-element elementor-element-167d9728 elementor-widget elementor-widget-image\" data-id=\"167d9728\" data-element_type=\"widget\" data-widget_type=\"image.default\">\n\t\t\t\t\t\t\t\t\t\t\t\t\t\t\t<img decoding=\"async\" width=\"640\" height=\"164\" src=\"https:\/\/www.6t-mic.com\/wp-content\/uploads\/2025\/12\/ANR-logo-2021-complet-1-1024x262.jpg\" class=\"attachment-large size-large wp-image-2700\" alt=\"\" srcset=\"https:\/\/www.6t-mic.com\/wp-content\/uploads\/2025\/12\/ANR-logo-2021-complet-1-1024x262.jpg 1024w, https:\/\/www.6t-mic.com\/wp-content\/uploads\/2025\/12\/ANR-logo-2021-complet-1-300x77.jpg 300w, https:\/\/www.6t-mic.com\/wp-content\/uploads\/2025\/12\/ANR-logo-2021-complet-1-768x197.jpg 768w, https:\/\/www.6t-mic.com\/wp-content\/uploads\/2025\/12\/ANR-logo-2021-complet-1-1536x394.jpg 1536w, https:\/\/www.6t-mic.com\/wp-content\/uploads\/2025\/12\/ANR-logo-2021-complet-1-18x5.jpg 18w, https:\/\/www.6t-mic.com\/wp-content\/uploads\/2025\/12\/ANR-logo-2021-complet-1.jpg 1939w\" sizes=\"(max-width: 640px) 100vw, 640px\" \/>\t\t\t\t\t\t\t\t\t\t\t\t\t\t\t<\/div>\n\t\t\t\t<\/div>\n\t\t<div class=\"elementor-element elementor-element-799e7eec e-con-full e-flex e-con e-child\" data-id=\"799e7eec\" data-element_type=\"container\">\n\t\t\t\t<div class=\"elementor-element elementor-element-54d47a9c elementor-widget elementor-widget-heading\" data-id=\"54d47a9c\" data-element_type=\"widget\" data-widget_type=\"heading.default\">\n\t\t\t\t\t<h2 class=\"elementor-heading-title elementor-size-default\">Objectifs et d\u00e9fis \u00e0 relever<\/h2>\t\t\t\t<\/div>\n\t\t\t\t<div class=\"elementor-element elementor-element-1c8dbd3f elementor-widget elementor-widget-text-editor\" data-id=\"1c8dbd3f\" data-element_type=\"widget\" data-widget_type=\"text-editor.default\">\n\t\t\t\t\t\t\t\t\t<div><p>Le projet DEFI H12 est une initiative collaborative impliquant quatre laboratoires de recherche fran\u00e7ais et 6TMIC. Le projet vise \u00e0 convertir des acides organiques issus de la fermentation en hydrog\u00e8ne en s\u2019appuyant sur la technologie des cellules d\u2019\u00e9lectrolyse microbiennes. L\u2019approche consiste \u00e0 mettre en \u0153uvre un \u00e9lectrolyseur dans lequel les acides ac\u00e9tique et butyrique sont oxyd\u00e9s \u00e0 l\u2019anode, tandis que la cathode assure classiquement la r\u00e9duction abiotique de l\u2019eau ou des protons, selon la valeur du pH.<\/p><\/div><div><p>Compar\u00e9s \u00e0 l\u2019\u00e9lectrolyse conventionnelle de l\u2019eau, les \u00e9lectrolyseurs oxydant des acides organiques ne n\u00e9cessitent que 0,2 V (contre pr\u00e8s de 1 V pour l\u2019oxydation de l\u2019eau). \u00c0 production d\u2019hydrog\u00e8ne \u00e9quivalente, ce nouveau type d\u2019\u00e9lectrolyseur pourrait ainsi r\u00e9duire les co\u00fbts \u00e9nerg\u00e9tiques d\u2019un facteur 10.<\/p><\/div>\t\t\t\t\t\t\t\t<\/div>\n\t\t\t\t<\/div>\n\t\t\t\t\t<\/div>\n\t\t\t\t<\/div>\n\t\t<div class=\"elementor-element elementor-element-3e339a35 e-flex e-con-boxed e-con e-parent\" data-id=\"3e339a35\" data-element_type=\"container\">\n\t\t\t\t\t<div class=\"e-con-inner\">\n\t\t\t\t<div class=\"elementor-element elementor-element-3d31063d elementor-widget-divider--view-line elementor-widget elementor-widget-divider\" data-id=\"3d31063d\" data-element_type=\"widget\" data-widget_type=\"divider.default\">\n\t\t\t\t\t\t\t<div class=\"elementor-divider\">\n\t\t\t<span class=\"elementor-divider-separator\">\n\t\t\t\t\t\t<\/span>\n\t\t<\/div>\n\t\t\t\t\t\t<\/div>\n\t\t\t\t\t<\/div>\n\t\t\t\t<\/div>\n\t\t<div class=\"elementor-element elementor-element-5caeb673 e-flex e-con-boxed e-con e-parent\" data-id=\"5caeb673\" data-element_type=\"container\">\n\t\t\t\t\t<div class=\"e-con-inner\">\n\t\t<div class=\"elementor-element elementor-element-7e96f34a e-con-full e-flex e-con e-child\" data-id=\"7e96f34a\" data-element_type=\"container\">\n\t\t\t\t<div class=\"elementor-element elementor-element-224974c4 elementor-widget elementor-widget-heading\" data-id=\"224974c4\" data-element_type=\"widget\" data-widget_type=\"heading.default\">\n\t\t\t\t\t<h2 class=\"elementor-heading-title elementor-size-default\">Notre r\u00f4le dans le projet<\/h2>\t\t\t\t<\/div>\n\t\t\t\t<div class=\"elementor-element elementor-element-10bd3293 elementor-align-left elementor-icon-list--layout-traditional elementor-list-item-link-full_width elementor-widget elementor-widget-icon-list\" data-id=\"10bd3293\" data-element_type=\"widget\" data-widget_type=\"icon-list.default\">\n\t\t\t\t\t\t\t<ul class=\"elementor-icon-list-items\">\n\t\t\t\t\t\t\t<li class=\"elementor-icon-list-item\">\n\t\t\t\t\t\t\t\t\t\t\t<span class=\"elementor-icon-list-icon\">\n\t\t\t\t\t\t\t<svg aria-hidden=\"true\" class=\"e-font-icon-svg e-fas-hashtag\" viewbox=\"0 0 448 512\" xmlns=\"http:\/\/www.w3.org\/2000\/svg\"><path d=\"M440.667 182.109l7.143-40c1.313-7.355-4.342-14.109-11.813-14.109h-74.81l14.623-81.891C377.123 38.754 371.468 32 363.997 32h-40.632a12 12 0 0 0-11.813 9.891L296.175 128H197.54l14.623-81.891C213.477 38.754 207.822 32 200.35 32h-40.632a12 12 0 0 0-11.813 9.891L132.528 128H53.432a12 12 0 0 0-11.813 9.891l-7.143 40C33.163 185.246 38.818 192 46.289 192h74.81L98.242 320H19.146a12 12 0 0 0-11.813 9.891l-7.143 40C-1.123 377.246 4.532 384 12.003 384h74.81L72.19 465.891C70.877 473.246 76.532 480 84.003 480h40.632a12 12 0 0 0 11.813-9.891L151.826 384h98.634l-14.623 81.891C234.523 473.246 240.178 480 247.65 480h40.632a12 12 0 0 0 11.813-9.891L315.472 384h79.096a12 12 0 0 0 11.813-9.891l7.143-40c1.313-7.355-4.342-14.109-11.813-14.109h-74.81l22.857-128h79.096a12 12 0 0 0 11.813-9.891zM261.889 320h-98.634l22.857-128h98.634l-22.857 128z\"><\/path><\/svg>\t\t\t\t\t\t<\/span>\n\t\t\t\t\t\t\t\t\t\t<span class=\"elementor-icon-list-text\">Mod\u00e9lisation multiphysique du r\u00e9acteur \u00e9lectrochimique global<\/span>\n\t\t\t\t\t\t\t\t\t<\/li>\n\t\t\t\t\t\t\t\t<li class=\"elementor-icon-list-item\">\n\t\t\t\t\t\t\t\t\t\t\t<span class=\"elementor-icon-list-icon\">\n\t\t\t\t\t\t\t<svg aria-hidden=\"true\" class=\"e-font-icon-svg e-fas-hashtag\" viewbox=\"0 0 448 512\" xmlns=\"http:\/\/www.w3.org\/2000\/svg\"><path d=\"M440.667 182.109l7.143-40c1.313-7.355-4.342-14.109-11.813-14.109h-74.81l14.623-81.891C377.123 38.754 371.468 32 363.997 32h-40.632a12 12 0 0 0-11.813 9.891L296.175 128H197.54l14.623-81.891C213.477 38.754 207.822 32 200.35 32h-40.632a12 12 0 0 0-11.813 9.891L132.528 128H53.432a12 12 0 0 0-11.813 9.891l-7.143 40C33.163 185.246 38.818 192 46.289 192h74.81L98.242 320H19.146a12 12 0 0 0-11.813 9.891l-7.143 40C-1.123 377.246 4.532 384 12.003 384h74.81L72.19 465.891C70.877 473.246 76.532 480 84.003 480h40.632a12 12 0 0 0 11.813-9.891L151.826 384h98.634l-14.623 81.891C234.523 473.246 240.178 480 247.65 480h40.632a12 12 0 0 0 11.813-9.891L315.472 384h79.096a12 12 0 0 0 11.813-9.891l7.143-40c1.313-7.355-4.342-14.109-11.813-14.109h-74.81l22.857-128h79.096a12 12 0 0 0 11.813-9.891zM261.889 320h-98.634l22.857-128h98.634l-22.857 128z\"><\/path><\/svg>\t\t\t\t\t\t<\/span>\n\t\t\t\t\t\t\t\t\t\t<span class=\"elementor-icon-list-text\">Conception, construction et mise en service de la cellule \u00e9lectrochimique microbienne<\/span>\n\t\t\t\t\t\t\t\t\t<\/li>\n\t\t\t\t\t\t<\/ul>\n\t\t\t\t\t\t<\/div>\n\t\t\t\t<\/div>\n\t\t\t\t<div class=\"elementor-element elementor-element-15f66213 elementor-widget elementor-widget-image\" data-id=\"15f66213\" data-element_type=\"widget\" data-widget_type=\"image.default\">\n\t\t\t\t\t\t\t\t\t\t\t\t\t\t\t<img decoding=\"async\" width=\"630\" height=\"638\" src=\"https:\/\/www.6t-mic.com\/wp-content\/uploads\/2025\/12\/Capture-decran-2025-12-30-a-11.09.23.png\" class=\"attachment-large size-large wp-image-2716\" alt=\"\" srcset=\"https:\/\/www.6t-mic.com\/wp-content\/uploads\/2025\/12\/Capture-decran-2025-12-30-a-11.09.23.png 630w, https:\/\/www.6t-mic.com\/wp-content\/uploads\/2025\/12\/Capture-decran-2025-12-30-a-11.09.23-296x300.png 296w, https:\/\/www.6t-mic.com\/wp-content\/uploads\/2025\/12\/Capture-decran-2025-12-30-a-11.09.23-12x12.png 12w, https:\/\/www.6t-mic.com\/wp-content\/uploads\/2025\/12\/Capture-decran-2025-12-30-a-11.09.23-90x90.png 90w\" sizes=\"(max-width: 630px) 100vw, 630px\" \/>\t\t\t\t\t\t\t\t\t\t\t\t\t\t\t<\/div>\n\t\t\t\t\t<\/div>\n\t\t\t\t<\/div>\n\t\t<div class=\"elementor-element elementor-element-17b7a54b e-flex e-con-boxed e-con e-parent\" data-id=\"17b7a54b\" data-element_type=\"container\">\n\t\t\t\t\t<div class=\"e-con-inner\">\n\t\t\t\t<div class=\"elementor-element elementor-element-2633a31c elementor-widget-divider--view-line elementor-widget elementor-widget-divider\" data-id=\"2633a31c\" data-element_type=\"widget\" data-widget_type=\"divider.default\">\n\t\t\t\t\t\t\t<div class=\"elementor-divider\">\n\t\t\t<span class=\"elementor-divider-separator\">\n\t\t\t\t\t\t<\/span>\n\t\t<\/div>\n\t\t\t\t\t\t<\/div>\n\t\t\t\t\t<\/div>\n\t\t\t\t<\/div>\n\t\t<div class=\"elementor-element elementor-element-55925ecf e-flex e-con-boxed e-con e-parent\" data-id=\"55925ecf\" data-element_type=\"container\">\n\t\t\t\t\t<div class=\"e-con-inner\">\n\t\t\t\t<div class=\"elementor-element elementor-element-6dac97c4 elementor-widget elementor-widget-image\" data-id=\"6dac97c4\" data-element_type=\"widget\" data-widget_type=\"image.default\">\n\t\t\t\t\t\t\t\t\t\t\t\t\t\t\t<img decoding=\"async\" src=\"https:\/\/www.6t-mic.com\/wp-content\/uploads\/elementor\/thumbs\/Capture-decran-2025-12-19-a-19.05.15-rgebu2tp8lgyp384aojkde3uqbfqwvx93356as93sg.png\" title=\"Capture d\u2019\u00e9cran 2025-12-19 \u00e0 19.05.15\" alt=\"Capture d\u2019\u00e9cran 2025-12-19 \u00e0 19.05.15\" loading=\"lazy\" \/>\t\t\t\t\t\t\t\t\t\t\t\t\t\t\t<\/div>\n\t\t<div class=\"elementor-element elementor-element-3229ba60 e-con-full e-flex e-con e-child\" data-id=\"3229ba60\" data-element_type=\"container\">\n\t\t\t\t<div class=\"elementor-element elementor-element-306b8c6b elementor-widget elementor-widget-heading\" data-id=\"306b8c6b\" data-element_type=\"widget\" data-widget_type=\"heading.default\">\n\t\t\t\t\t<h2 class=\"elementor-heading-title elementor-size-default\">R\u00e9sultats<\/h2>\t\t\t\t<\/div>\n\t\t\t\t<div class=\"elementor-element elementor-element-64b44fa8 elementor-list-item-link-full_width elementor-widget elementor-widget-icon-list\" data-id=\"64b44fa8\" data-element_type=\"widget\" data-widget_type=\"icon-list.default\">\n\t\t\t\t\t\t\t<ul class=\"elementor-icon-list-items\">\n\t\t\t\t\t\t\t<li class=\"elementor-icon-list-item\">\n\t\t\t\t\t\t\t\t\t\t\t<span class=\"elementor-icon-list-icon\">\n\t\t\t\t\t\t\t<svg aria-hidden=\"true\" class=\"e-font-icon-svg e-fas-hashtag\" viewbox=\"0 0 448 512\" xmlns=\"http:\/\/www.w3.org\/2000\/svg\"><path d=\"M440.667 182.109l7.143-40c1.313-7.355-4.342-14.109-11.813-14.109h-74.81l14.623-81.891C377.123 38.754 371.468 32 363.997 32h-40.632a12 12 0 0 0-11.813 9.891L296.175 128H197.54l14.623-81.891C213.477 38.754 207.822 32 200.35 32h-40.632a12 12 0 0 0-11.813 9.891L132.528 128H53.432a12 12 0 0 0-11.813 9.891l-7.143 40C33.163 185.246 38.818 192 46.289 192h74.81L98.242 320H19.146a12 12 0 0 0-11.813 9.891l-7.143 40C-1.123 377.246 4.532 384 12.003 384h74.81L72.19 465.891C70.877 473.246 76.532 480 84.003 480h40.632a12 12 0 0 0 11.813-9.891L151.826 384h98.634l-14.623 81.891C234.523 473.246 240.178 480 247.65 480h40.632a12 12 0 0 0 11.813-9.891L315.472 384h79.096a12 12 0 0 0 11.813-9.891l7.143-40c1.313-7.355-4.342-14.109-11.813-14.109h-74.81l22.857-128h79.096a12 12 0 0 0 11.813-9.891zM261.889 320h-98.634l22.857-128h98.634l-22.857 128z\"><\/path><\/svg>\t\t\t\t\t\t<\/span>\n\t\t\t\t\t\t\t\t\t\t<span class=\"elementor-icon-list-text\">-----<\/span>\n\t\t\t\t\t\t\t\t\t<\/li>\n\t\t\t\t\t\t<\/ul>\n\t\t\t\t\t\t<\/div>\n\t\t\t\t<\/div>\n\t\t\t\t\t<\/div>\n\t\t\t\t<\/div>\n\t\t<div class=\"elementor-element elementor-element-6c23039e e-flex e-con-boxed e-con e-parent\" data-id=\"6c23039e\" data-element_type=\"container\">\n\t\t\t\t\t<div class=\"e-con-inner\">\n\t\t\t\t<div class=\"elementor-element elementor-element-33f34fa3 elementor-widget-divider--view-line elementor-widget elementor-widget-divider\" data-id=\"33f34fa3\" data-element_type=\"widget\" data-widget_type=\"divider.default\">\n\t\t\t\t\t\t\t<div class=\"elementor-divider\">\n\t\t\t<span class=\"elementor-divider-separator\">\n\t\t\t\t\t\t<\/span>\n\t\t<\/div>\n\t\t\t\t\t\t<\/div>\n\t\t\t\t\t<\/div>\n\t\t\t\t<\/div>\n\t\t<div class=\"elementor-element elementor-element-ae41f86 e-flex e-con-boxed e-con e-parent\" data-id=\"ae41f86\" data-element_type=\"container\">\n\t\t\t\t\t<div class=\"e-con-inner\">\n\t\t\t\t<div class=\"elementor-element elementor-element-7b836e7e elementor-widget elementor-widget-heading\" data-id=\"7b836e7e\" data-element_type=\"widget\" data-widget_type=\"heading.default\">\n\t\t\t\t\t<h2 class=\"elementor-heading-title elementor-size-default\">Nos comp\u00e9tences dans le projet<\/h2>\t\t\t\t<\/div>\n\t\t\t\t<div class=\"elementor-element elementor-element-2ebf92a3 elementor-list-item-link-full_width elementor-widget elementor-widget-icon-list\" data-id=\"2ebf92a3\" data-element_type=\"widget\" data-widget_type=\"icon-list.default\">\n\t\t\t\t\t\t\t<ul class=\"elementor-icon-list-items\">\n\t\t\t\t\t\t\t<li class=\"elementor-icon-list-item\">\n\t\t\t\t\t\t\t\t\t\t\t<span class=\"elementor-icon-list-icon\">\n\t\t\t\t\t\t\t<svg aria-hidden=\"true\" class=\"e-font-icon-svg e-fas-hashtag\" viewbox=\"0 0 448 512\" xmlns=\"http:\/\/www.w3.org\/2000\/svg\"><path d=\"M440.667 182.109l7.143-40c1.313-7.355-4.342-14.109-11.813-14.109h-74.81l14.623-81.891C377.123 38.754 371.468 32 363.997 32h-40.632a12 12 0 0 0-11.813 9.891L296.175 128H197.54l14.623-81.891C213.477 38.754 207.822 32 200.35 32h-40.632a12 12 0 0 0-11.813 9.891L132.528 128H53.432a12 12 0 0 0-11.813 9.891l-7.143 40C33.163 185.246 38.818 192 46.289 192h74.81L98.242 320H19.146a12 12 0 0 0-11.813 9.891l-7.143 40C-1.123 377.246 4.532 384 12.003 384h74.81L72.19 465.891C70.877 473.246 76.532 480 84.003 480h40.632a12 12 0 0 0 11.813-9.891L151.826 384h98.634l-14.623 81.891C234.523 473.246 240.178 480 247.65 480h40.632a12 12 0 0 0 11.813-9.891L315.472 384h79.096a12 12 0 0 0 11.813-9.891l7.143-40c1.313-7.355-4.342-14.109-11.813-14.109h-74.81l22.857-128h79.096a12 12 0 0 0 11.813-9.891zM261.889 320h-98.634l22.857-128h98.634l-22.857 128z\"><\/path><\/svg>\t\t\t\t\t\t<\/span>\n\t\t\t\t\t\t\t\t\t\t<span class=\"elementor-icon-list-text\">G\u00e9nie chimique<\/span>\n\t\t\t\t\t\t\t\t\t<\/li>\n\t\t\t\t\t\t\t\t<li class=\"elementor-icon-list-item\">\n\t\t\t\t\t\t\t\t\t\t\t<span class=\"elementor-icon-list-icon\">\n\t\t\t\t\t\t\t<svg aria-hidden=\"true\" class=\"e-font-icon-svg e-fas-hashtag\" viewbox=\"0 0 448 512\" xmlns=\"http:\/\/www.w3.org\/2000\/svg\"><path d=\"M440.667 182.109l7.143-40c1.313-7.355-4.342-14.109-11.813-14.109h-74.81l14.623-81.891C377.123 38.754 371.468 32 363.997 32h-40.632a12 12 0 0 0-11.813 9.891L296.175 128H197.54l14.623-81.891C213.477 38.754 207.822 32 200.35 32h-40.632a12 12 0 0 0-11.813 9.891L132.528 128H53.432a12 12 0 0 0-11.813 9.891l-7.143 40C33.163 185.246 38.818 192 46.289 192h74.81L98.242 320H19.146a12 12 0 0 0-11.813 9.891l-7.143 40C-1.123 377.246 4.532 384 12.003 384h74.81L72.19 465.891C70.877 473.246 76.532 480 84.003 480h40.632a12 12 0 0 0 11.813-9.891L151.826 384h98.634l-14.623 81.891C234.523 473.246 240.178 480 247.65 480h40.632a12 12 0 0 0 11.813-9.891L315.472 384h79.096a12 12 0 0 0 11.813-9.891l7.143-40c1.313-7.355-4.342-14.109-11.813-14.109h-74.81l22.857-128h79.096a12 12 0 0 0 11.813-9.891zM261.889 320h-98.634l22.857-128h98.634l-22.857 128z\"><\/path><\/svg>\t\t\t\t\t\t<\/span>\n\t\t\t\t\t\t\t\t\t\t<span class=\"elementor-icon-list-text\">Mod\u00e9lisation multi-physique avec COMSOL<\/span>\n\t\t\t\t\t\t\t\t\t<\/li>\n\t\t\t\t\t\t<\/ul>\n\t\t\t\t\t\t<\/div>\n\t\t\t\t\t<\/div>\n\t\t\t\t<\/div>\n\t\t<div class=\"elementor-element elementor-element-1980840e e-flex e-con-boxed e-con e-parent\" data-id=\"1980840e\" data-element_type=\"container\">\n\t\t\t\t\t<div class=\"e-con-inner\">\n\t\t\t\t<div class=\"elementor-element elementor-element-5dfb9026 elementor-widget-divider--view-line elementor-widget elementor-widget-divider\" data-id=\"5dfb9026\" data-element_type=\"widget\" data-widget_type=\"divider.default\">\n\t\t\t\t\t\t\t<div class=\"elementor-divider\">\n\t\t\t<span class=\"elementor-divider-separator\">\n\t\t\t\t\t\t<\/span>\n\t\t<\/div>\n\t\t\t\t\t\t<\/div>\n\t\t\t\t\t<\/div>\n\t\t\t\t<\/div>\n\t\t\t\t<\/div>","protected":false},"excerpt":{"rendered":"<p>Objectives and challenges The DEFI H12 project is a collaborative initiative involving four French research laboratories and 6TMIC. The project aims to convert organic acids produced by fermentation into hydrogen by leveraging Microbial Electrolysis Cell technology. The approach consists in implementing an electrolyser in which acetic and butyric acids are oxidised at the anode, while [&hellip;]<\/p>\n","protected":false},"author":1,"featured_media":0,"parent":0,"menu_order":0,"comment_status":"closed","ping_status":"closed","template":"","meta":{"footnotes":""},"class_list":["post-2695","page","type-page","status-publish","hentry"],"_links":{"self":[{"href":"https:\/\/www.6t-mic.com\/fr\/wp-json\/wp\/v2\/pages\/2695","targetHints":{"allow":["GET"]}}],"collection":[{"href":"https:\/\/www.6t-mic.com\/fr\/wp-json\/wp\/v2\/pages"}],"about":[{"href":"https:\/\/www.6t-mic.com\/fr\/wp-json\/wp\/v2\/types\/page"}],"author":[{"embeddable":true,"href":"https:\/\/www.6t-mic.com\/fr\/wp-json\/wp\/v2\/users\/1"}],"replies":[{"embeddable":true,"href":"https:\/\/www.6t-mic.com\/fr\/wp-json\/wp\/v2\/comments?post=2695"}],"version-history":[{"count":18,"href":"https:\/\/www.6t-mic.com\/fr\/wp-json\/wp\/v2\/pages\/2695\/revisions"}],"predecessor-version":[{"id":2726,"href":"https:\/\/www.6t-mic.com\/fr\/wp-json\/wp\/v2\/pages\/2695\/revisions\/2726"}],"wp:attachment":[{"href":"https:\/\/www.6t-mic.com\/fr\/wp-json\/wp\/v2\/media?parent=2695"}],"curies":[{"name":"wp","href":"https:\/\/api.w.org\/{rel}","templated":true}]}}